{"id":2129,"date":"2014-03-31T06:26:25","date_gmt":"2014-03-31T06:26:25","guid":{"rendered":"http:\/\/themenectar.com\/demo\/salient-frostwave\/?page_id=2129"},"modified":"2025-06-30T13:32:00","modified_gmt":"2025-06-30T16:32:00","slug":"home-basic","status":"publish","type":"page","link":"https:\/\/umindustrial.cl\/en\/","title":{"rendered":"Home"},"content":{"rendered":"<div id=\"fws_69ddb7a739e6c\"  data-midnight=\"dark\"  data-bg-mobile-hidden=\"\" class=\"wpb_row vc_row-fluid vc_row top-level standard_section\"  style=\"padding-top: 0px; padding-bottom: 0px; \"><div class=\"row-bg-wrap\" data-bg-animation=\"none\"><div class=\"inner-wrap\"><div class=\"row-bg\"  style=\"\"><\/div><\/div><div class=\"row-bg-overlay\" ><\/div><\/div><div class=\"col span_12 dark left\">\n\t<div  class=\"vc_col-sm-12 wpb_column column_container vc_column_container col no-extra-padding\"  data-t-w-inherits=\"default\" data-border-radius=\"none\" data-shadow=\"none\" data-border-animation=\"\" data-border-animation-delay=\"\" data-border-width=\"none\" data-border-style=\"solid\" data-border-color=\"\" data-bg-cover=\"\" data-padding-pos=\"all\" data-has-bg-color=\"false\" data-bg-color=\"\" data-bg-opacity=\"1\" data-hover-bg=\"\" data-hover-bg-opacity=\"1\" data-animation=\"\" data-delay=\"0\"><div class=\"column-bg-overlay\"><\/div>\n\t\t<div class=\"vc_column-inner\">\n\t\t\t<div class=\"wpb_wrapper\">\n\t\t\t\t<div data-midnight=\"nectar-slider\" class=\"parallax_slider_outer\" style=\"height: calc( 650 * 100vw \/ 1600 );\"><div  data-transition=\"slide\" data-overall_style=\"classic\" data-flexible-height=\"true\" data-animate-in-effect=\"none\" data-fullscreen=\"false\" data-button-sizing=\"regular\" data-button-styling=\"btn_with_count\" data-autorotate=\"\" data-parallax=\"true\" data-parallax-disable-mobile=\"\" data-caption-trans=\"fade_in_from_bottom\" data-parallax-style=\"bg_only\" data-bg-animation=\"none\" data-full-width=\"true\" class=\"nectar-slider-wrap\" id=\"ns-id-69ddb7a73a182\" style=\"height: calc( 650 * 100vw \/ 1600 );\"><div class=\"swiper-container\" style=\"height: calc( 650 * 100vw \/ 1600 );\"  data-tho=\"auto\" data-tco=\"auto\" data-pho=\"auto\" data-pco=\"auto\" data-loop=\"true\" data-height=\"650\" data-min-height=\"\" data-arrows=\"true\" data-bullets=\"true\" data-bullet_style=\"see_through\" data-bullet_position=\"bottom\" data-desktop-swipe=\"true\" data-settings=\"\"> <div class=\"swiper-wrapper\"><\/div><div class=\"nectar-slider-loading\"> <span class=\"loading-icon none\">   <\/span> <\/div> <\/div> \n\t\t\t\t\n\t\t\t<\/div><\/div>\n\t\t\t<\/div> \n\t\t<\/div>\n\t<\/div> \n<\/div><\/div>\n\t\t<div id=\"fws_69ddb7a73ad1c\"  data-midnight=\"dark\" data-top-percent=\"2%\"  data-bg-mobile-hidden=\"\" class=\"wpb_row vc_row-fluid vc_row standard_section\"  style=\"padding-top: calc(100vw * 0.02); padding-bottom: 0px; \"><div class=\"row-bg-wrap\" data-bg-animation=\"none\"><div class=\"inner-wrap\"><div class=\"row-bg\"  style=\"\"><\/div><\/div><div class=\"row-bg-overlay\" ><\/div><\/div><div class=\"col span_12 dark left\">\n\t<div  class=\"vc_col-sm-12 wpb_column column_container vc_column_container col no-extra-padding\"  data-t-w-inherits=\"default\" data-border-radius=\"none\" data-shadow=\"none\" data-border-animation=\"\" data-border-animation-delay=\"\" data-border-width=\"none\" data-border-style=\"solid\" data-border-color=\"\" data-bg-cover=\"\" data-padding-pos=\"all\" data-has-bg-color=\"false\" data-bg-color=\"\" data-bg-opacity=\"1\" data-hover-bg=\"\" data-hover-bg-opacity=\"1\" data-animation=\"\" data-delay=\"0\"><div class=\"column-bg-overlay\"><\/div>\n\t\t<div class=\"vc_column-inner\">\n\t\t\t<div class=\"wpb_wrapper\">\n\t\t\t\t\n    <div class=\"col span_12 section-title text-align-center extra-padding\">\n\t\t<h2>\n<h2>OUR SERVICES<\/h2>\n<\/h2><p>Our services mainly focus on providing solutions to the problems of high dust accumulation on floors or structures, in sectors confined or difficult-to-access, in addition to providing solutions, products and services of the highest quality, with effective results, with a minimum exposure to risk and with a great respect for the environment.<\/p><\/div><div class=\"clear\"><\/div><div class=\"owl-carousel\" data-enable-animation=\"\" data-loop=\"false\"  data-animation-delay=\"0\" data-autorotate=\"true\" data-autorotation-speed=\"5000\" data-column-padding=\"5px\" data-desktop-cols=\"5\" data-desktop-small-cols=\"3\" data-tablet-cols=\"2\" data-mobile-cols=\"1\"><div class=\"carousel-item\"><div class=\"img-with-aniamtion-wrap center\" data-max-width=\"110%\" data-border-radius=\"none\"><div class=\"inner\"><img data-shadow=\"none\" data-shadow-direction=\"middle\" class=\"img-with-animation skip-lazy\" data-delay=\"0\" height=\"237\" width=\"237\"  data-animation=\"fade-in\" src=\"https:\/\/umindustrial.cl\/wp-content\/uploads\/2025\/06\/imagen_2025-06-30_121942631.png\" srcset=\"https:\/\/umindustrial.cl\/wp-content\/uploads\/2025\/06\/imagen_2025-06-30_121942631.png 237w, https:\/\/umindustrial.cl\/wp-content\/uploads\/2025\/06\/imagen_2025-06-30_121942631-150x150.png 150w, https:\/\/umindustrial.cl\/wp-content\/uploads\/2025\/06\/imagen_2025-06-30_121942631-100x100.png 100w, https:\/\/umindustrial.cl\/wp-content\/uploads\/2025\/06\/imagen_2025-06-30_121942631-140x140.png 140w\" sizes=\"100vw\" alt=\"\" \/><\/div><\/div><\/div><div class=\"carousel-item\"><div class=\"img-with-aniamtion-wrap center\" data-max-width=\"110%\" data-border-radius=\"none\"><div class=\"inner\"><img data-shadow=\"none\" data-shadow-direction=\"middle\" class=\"img-with-animation skip-lazy\" data-delay=\"0\" height=\"400\" width=\"400\"  data-animation=\"fade-in\" src=\"https:\/\/umindustrial.cl\/wp-content\/uploads\/2025\/06\/imagen_2025-06-30_122051213.png\" srcset=\"https:\/\/umindustrial.cl\/wp-content\/uploads\/2025\/06\/imagen_2025-06-30_122051213.png 400w, https:\/\/umindustrial.cl\/wp-content\/uploads\/2025\/06\/imagen_2025-06-30_122051213-300x300.png 300w, https:\/\/umindustrial.cl\/wp-content\/uploads\/2025\/06\/imagen_2025-06-30_122051213-150x150.png 150w, https:\/\/umindustrial.cl\/wp-content\/uploads\/2025\/06\/imagen_2025-06-30_122051213-100x100.png 100w, https:\/\/umindustrial.cl\/wp-content\/uploads\/2025\/06\/imagen_2025-06-30_122051213-140x140.png 140w, https:\/\/umindustrial.cl\/wp-content\/uploads\/2025\/06\/imagen_2025-06-30_122051213-350x350.png 350w\" sizes=\"100vw\" alt=\"\" \/><\/div><\/div><\/div><div class=\"carousel-item\"><div class=\"img-with-aniamtion-wrap center\" data-max-width=\"110%\" data-border-radius=\"none\"><div class=\"inner\"><img data-shadow=\"none\" data-shadow-direction=\"middle\" class=\"img-with-animation skip-lazy\" data-delay=\"0\" height=\"400\" width=\"400\"  data-animation=\"fade-in\" src=\"https:\/\/umindustrial.cl\/wp-content\/uploads\/2025\/06\/imagen_2025-06-30_122144871.png\" srcset=\"https:\/\/umindustrial.cl\/wp-content\/uploads\/2025\/06\/imagen_2025-06-30_122144871.png 400w, https:\/\/umindustrial.cl\/wp-content\/uploads\/2025\/06\/imagen_2025-06-30_122144871-300x300.png 300w, https:\/\/umindustrial.cl\/wp-content\/uploads\/2025\/06\/imagen_2025-06-30_122144871-150x150.png 150w, https:\/\/umindustrial.cl\/wp-content\/uploads\/2025\/06\/imagen_2025-06-30_122144871-100x100.png 100w, https:\/\/umindustrial.cl\/wp-content\/uploads\/2025\/06\/imagen_2025-06-30_122144871-140x140.png 140w, https:\/\/umindustrial.cl\/wp-content\/uploads\/2025\/06\/imagen_2025-06-30_122144871-350x350.png 350w\" sizes=\"100vw\" alt=\"\" \/><\/div><\/div><\/div><div class=\"carousel-item\"><div class=\"img-with-aniamtion-wrap center\" data-max-width=\"110%\" data-border-radius=\"none\"><div class=\"inner\"><img data-shadow=\"none\" data-shadow-direction=\"middle\" class=\"img-with-animation skip-lazy\" data-delay=\"0\" height=\"400\" width=\"400\"  data-animation=\"fade-in\" src=\"https:\/\/umindustrial.cl\/wp-content\/uploads\/2025\/06\/imagen_2025-06-30_122231661.png\" srcset=\"https:\/\/umindustrial.cl\/wp-content\/uploads\/2025\/06\/imagen_2025-06-30_122231661.png 400w, https:\/\/umindustrial.cl\/wp-content\/uploads\/2025\/06\/imagen_2025-06-30_122231661-300x300.png 300w, https:\/\/umindustrial.cl\/wp-content\/uploads\/2025\/06\/imagen_2025-06-30_122231661-150x150.png 150w, https:\/\/umindustrial.cl\/wp-content\/uploads\/2025\/06\/imagen_2025-06-30_122231661-100x100.png 100w, https:\/\/umindustrial.cl\/wp-content\/uploads\/2025\/06\/imagen_2025-06-30_122231661-140x140.png 140w, https:\/\/umindustrial.cl\/wp-content\/uploads\/2025\/06\/imagen_2025-06-30_122231661-350x350.png 350w\" sizes=\"100vw\" alt=\"\" \/><\/div><\/div><\/div><div class=\"carousel-item\"><div class=\"img-with-aniamtion-wrap center\" data-max-width=\"110%\" data-border-radius=\"none\"><div class=\"inner\"><img data-shadow=\"none\" data-shadow-direction=\"middle\" class=\"img-with-animation skip-lazy\" data-delay=\"0\" height=\"400\" width=\"400\"  data-animation=\"fade-in\" src=\"https:\/\/umindustrial.cl\/wp-content\/uploads\/2025\/06\/imagen_2025-06-30_122334026.png\" srcset=\"https:\/\/umindustrial.cl\/wp-content\/uploads\/2025\/06\/imagen_2025-06-30_122334026.png 400w, https:\/\/umindustrial.cl\/wp-content\/uploads\/2025\/06\/imagen_2025-06-30_122334026-300x300.png 300w, https:\/\/umindustrial.cl\/wp-content\/uploads\/2025\/06\/imagen_2025-06-30_122334026-150x150.png 150w, https:\/\/umindustrial.cl\/wp-content\/uploads\/2025\/06\/imagen_2025-06-30_122334026-100x100.png 100w, https:\/\/umindustrial.cl\/wp-content\/uploads\/2025\/06\/imagen_2025-06-30_122334026-140x140.png 140w, https:\/\/umindustrial.cl\/wp-content\/uploads\/2025\/06\/imagen_2025-06-30_122334026-350x350.png 350w\" sizes=\"100vw\" alt=\"\" \/><\/div><\/div><\/div><div class=\"carousel-item\"><div class=\"img-with-aniamtion-wrap center\" data-max-width=\"110%\" data-border-radius=\"none\"><div class=\"inner\"><img data-shadow=\"none\" data-shadow-direction=\"middle\" class=\"img-with-animation skip-lazy\" data-delay=\"0\" height=\"400\" width=\"400\"  data-animation=\"fade-in\" src=\"https:\/\/umindustrial.cl\/wp-content\/uploads\/2025\/06\/imagen_2025-06-30_122426240.png\" srcset=\"https:\/\/umindustrial.cl\/wp-content\/uploads\/2025\/06\/imagen_2025-06-30_122426240.png 400w, https:\/\/umindustrial.cl\/wp-content\/uploads\/2025\/06\/imagen_2025-06-30_122426240-300x300.png 300w, https:\/\/umindustrial.cl\/wp-content\/uploads\/2025\/06\/imagen_2025-06-30_122426240-150x150.png 150w, https:\/\/umindustrial.cl\/wp-content\/uploads\/2025\/06\/imagen_2025-06-30_122426240-100x100.png 100w, https:\/\/umindustrial.cl\/wp-content\/uploads\/2025\/06\/imagen_2025-06-30_122426240-140x140.png 140w, https:\/\/umindustrial.cl\/wp-content\/uploads\/2025\/06\/imagen_2025-06-30_122426240-350x350.png 350w\" sizes=\"100vw\" alt=\"\" \/><\/div><\/div><\/div><div class=\"carousel-item\"><div class=\"img-with-aniamtion-wrap center\" data-max-width=\"110%\" data-border-radius=\"none\"><div class=\"inner\"><img data-shadow=\"none\" data-shadow-direction=\"middle\" class=\"img-with-animation skip-lazy\" data-delay=\"0\" height=\"400\" width=\"400\"  data-animation=\"fade-in\" src=\"https:\/\/umindustrial.cl\/wp-content\/uploads\/2025\/06\/imagen_2025-06-30_122535607.png\" srcset=\"https:\/\/umindustrial.cl\/wp-content\/uploads\/2025\/06\/imagen_2025-06-30_122535607.png 400w, https:\/\/umindustrial.cl\/wp-content\/uploads\/2025\/06\/imagen_2025-06-30_122535607-300x300.png 300w, https:\/\/umindustrial.cl\/wp-content\/uploads\/2025\/06\/imagen_2025-06-30_122535607-150x150.png 150w, https:\/\/umindustrial.cl\/wp-content\/uploads\/2025\/06\/imagen_2025-06-30_122535607-100x100.png 100w, https:\/\/umindustrial.cl\/wp-content\/uploads\/2025\/06\/imagen_2025-06-30_122535607-140x140.png 140w, https:\/\/umindustrial.cl\/wp-content\/uploads\/2025\/06\/imagen_2025-06-30_122535607-350x350.png 350w\" sizes=\"100vw\" alt=\"\" \/><\/div><\/div><\/div><div class=\"carousel-item\"><div class=\"img-with-aniamtion-wrap center\" data-max-width=\"110%\" data-border-radius=\"none\"><div class=\"inner\"><img data-shadow=\"none\" data-shadow-direction=\"middle\" class=\"img-with-animation skip-lazy\" data-delay=\"0\" height=\"400\" width=\"400\"  data-animation=\"fade-in\" src=\"https:\/\/umindustrial.cl\/wp-content\/uploads\/2025\/06\/imagen_2025-06-30_122805687.png\" srcset=\"https:\/\/umindustrial.cl\/wp-content\/uploads\/2025\/06\/imagen_2025-06-30_122805687.png 400w, https:\/\/umindustrial.cl\/wp-content\/uploads\/2025\/06\/imagen_2025-06-30_122805687-300x300.png 300w, https:\/\/umindustrial.cl\/wp-content\/uploads\/2025\/06\/imagen_2025-06-30_122805687-150x150.png 150w, https:\/\/umindustrial.cl\/wp-content\/uploads\/2025\/06\/imagen_2025-06-30_122805687-100x100.png 100w, https:\/\/umindustrial.cl\/wp-content\/uploads\/2025\/06\/imagen_2025-06-30_122805687-140x140.png 140w, https:\/\/umindustrial.cl\/wp-content\/uploads\/2025\/06\/imagen_2025-06-30_122805687-350x350.png 350w\" sizes=\"100vw\" alt=\"\" \/><\/div><\/div><\/div><div class=\"carousel-item\"><div class=\"img-with-aniamtion-wrap center\" data-max-width=\"110%\" data-border-radius=\"none\"><div class=\"inner\"><img data-shadow=\"none\" data-shadow-direction=\"middle\" class=\"img-with-animation skip-lazy\" data-delay=\"0\" height=\"400\" width=\"400\"  data-animation=\"fade-in\" src=\"https:\/\/umindustrial.cl\/wp-content\/uploads\/2025\/06\/imagen_2025-06-30_123003925.png\" srcset=\"https:\/\/umindustrial.cl\/wp-content\/uploads\/2025\/06\/imagen_2025-06-30_123003925.png 400w, https:\/\/umindustrial.cl\/wp-content\/uploads\/2025\/06\/imagen_2025-06-30_123003925-300x300.png 300w, https:\/\/umindustrial.cl\/wp-content\/uploads\/2025\/06\/imagen_2025-06-30_123003925-150x150.png 150w, https:\/\/umindustrial.cl\/wp-content\/uploads\/2025\/06\/imagen_2025-06-30_123003925-100x100.png 100w, https:\/\/umindustrial.cl\/wp-content\/uploads\/2025\/06\/imagen_2025-06-30_123003925-140x140.png 140w, https:\/\/umindustrial.cl\/wp-content\/uploads\/2025\/06\/imagen_2025-06-30_123003925-350x350.png 350w\" sizes=\"100vw\" alt=\"\" \/><\/div><\/div><\/div><div class=\"carousel-item\"><div class=\"img-with-aniamtion-wrap center\" data-max-width=\"110%\" data-border-radius=\"none\"><div class=\"inner\"><img data-shadow=\"none\" data-shadow-direction=\"middle\" class=\"img-with-animation skip-lazy\" data-delay=\"0\" height=\"400\" width=\"400\"  data-animation=\"fade-in\" src=\"https:\/\/umindustrial.cl\/wp-content\/uploads\/2025\/06\/imagen_2025-06-30_123148462.png\" srcset=\"https:\/\/umindustrial.cl\/wp-content\/uploads\/2025\/06\/imagen_2025-06-30_123148462.png 400w, https:\/\/umindustrial.cl\/wp-content\/uploads\/2025\/06\/imagen_2025-06-30_123148462-300x300.png 300w, https:\/\/umindustrial.cl\/wp-content\/uploads\/2025\/06\/imagen_2025-06-30_123148462-150x150.png 150w, https:\/\/umindustrial.cl\/wp-content\/uploads\/2025\/06\/imagen_2025-06-30_123148462-100x100.png 100w, https:\/\/umindustrial.cl\/wp-content\/uploads\/2025\/06\/imagen_2025-06-30_123148462-140x140.png 140w, https:\/\/umindustrial.cl\/wp-content\/uploads\/2025\/06\/imagen_2025-06-30_123148462-350x350.png 350w\" sizes=\"100vw\" alt=\"\" \/><\/div><\/div><\/div><\/div>\n\t\t\t<\/div> \n\t\t<\/div>\n\t<\/div> \n<\/div><\/div>","protected":false},"excerpt":{"rendered":"NUESTROS SERVICIOS Nuestros servicios se enfocan principalmente en brindar soluciones a los problemas de alta acumulaci\u00f3n de polvos en pisos o estructuras, en sectores confinados o de dif\u00edcil acceso, adem\u00e1s...","protected":false},"author":1,"featured_media":0,"parent":0,"menu_order":9,"comment_status":"open","ping_status":"open","template":"","meta":[],"_links":{"self":[{"href":"https:\/\/umindustrial.cl\/en\/wp-json\/wp\/v2\/pages\/2129"}],"collection":[{"href":"https:\/\/umindustrial.cl\/en\/wp-json\/wp\/v2\/pages"}],"about":[{"href":"https:\/\/umindustrial.cl\/en\/wp-json\/wp\/v2\/types\/page"}],"author":[{"embeddable":true,"href":"https:\/\/umindustrial.cl\/en\/wp-json\/wp\/v2\/users\/1"}],"replies":[{"embeddable":true,"href":"https:\/\/umindustrial.cl\/en\/wp-json\/wp\/v2\/comments?post=2129"}],"version-history":[{"count":0,"href":"https:\/\/umindustrial.cl\/en\/wp-json\/wp\/v2\/pages\/2129\/revisions"}],"wp:attachment":[{"href":"https:\/\/umindustrial.cl\/en\/wp-json\/wp\/v2\/media?parent=2129"}],"curies":[{"name":"wp","href":"https:\/\/api.w.org\/{rel}","templated":true}]}}